{"id":1437,"date":"2024-09-16T15:34:53","date_gmt":"2024-09-16T07:34:53","guid":{"rendered":"https:\/\/www.rippa.com\/?post_type=product&#038;p=1437"},"modified":"2026-02-26T14:41:18","modified_gmt":"2026-02-26T06:41:18","slug":"rf30-diesel-forklift","status":"publish","type":"product","link":"https:\/\/www.rippa.com\/et\/product\/rf30-diesel-forklift\/","title":{"rendered":"RF30 Diesel Forklift"},"content":{"rendered":"<p>RF30 diesel forklift has become an ideal choice in export trade with its powerful performance, high quality, durability, multifunctional design, perfect after-sales service and strong brand strength.<\/p>\n<p><strong><span style=\"font-size: 14pt;\">Agentide v\u00e4rbamine kogu maailmas:<\/span><\/strong><br \/>\nODM, OEM, kohandatav<br \/>\nHulgim\u00fc\u00fcgi tellimuste puhul on saadaval soodushinnad.<br \/>\nTootjatel on varud ja kiire tarne.<br \/>\nKlienditugi on teenuste osutamiseks 24 tundi \u00f6\u00f6p\u00e4evas k\u00e4ttesaadav.<br \/>\nT\u00e4ida andmed, saada hinnapakkumine ja saada meie esindajaks!<\/p>","protected":false},"featured_media":11525,"parent":0,"template":"","meta":{"_acf_changed":false,"_seopress_robots_primary_cat":"none","_seopress_titles_title":"","_seopress_titles_desc":"","_seopress_robots_index":""},"categoryproduct":[41],"class_list":["post-1437","product","type-product","status-publish","has-post-thumbnail","hentry","categoryproduct-rippa-forklift"],"acf":[],"_links":{"self":[{"href":"https:\/\/www.rippa.com\/et\/wp-json\/wp\/v2\/product\/1437","targetHints":{"allow":["GET"]}}],"collection":[{"href":"https:\/\/www.rippa.com\/et\/wp-json\/wp\/v2\/product"}],"about":[{"href":"https:\/\/www.rippa.com\/et\/wp-json\/wp\/v2\/types\/product"}],"wp:featuredmedia":[{"embeddable":true,"href":"https:\/\/www.rippa.com\/et\/wp-json\/wp\/v2\/media\/11525"}],"wp:attachment":[{"href":"https:\/\/www.rippa.com\/et\/wp-json\/wp\/v2\/media?parent=1437"}],"wp:term":[{"taxonomy":"categoryproduct","embeddable":true,"href":"https:\/\/www.rippa.com\/et\/wp-json\/wp\/v2\/categoryproduct?post=1437"}],"curies":[{"name":"wp","href":"https:\/\/api.w.org\/{rel}","templated":true}]}}