{"id":1331,"date":"2024-09-14T17:35:13","date_gmt":"2024-09-14T09:35:13","guid":{"rendered":"https:\/\/www.rippa.com\/?post_type=product&#038;p=1331"},"modified":"2026-02-25T16:51:25","modified_gmt":"2026-02-25T08:51:25","slug":"mini-excavator-r319","status":"publish","type":"product","link":"https:\/\/www.rippa.com\/et\/product\/mini-excavator-r319\/","title":{"rendered":"Mini Excavator R319"},"content":{"rendered":"<p><img loading=\"lazy\" decoding=\"async\" class=\"alignnone size-full wp-image-1708\" src=\"https:\/\/www.rippa.com\/wp-content\/uploads\/2024\/09\/CE.jpg\" alt=\"\" width=\"56\" height=\"29\" srcset=\"https:\/\/www.rippa.com\/wp-content\/uploads\/2024\/09\/CE.jpg 56w, https:\/\/www.rippa.com\/wp-content\/uploads\/2024\/09\/CE-18x9.jpg 18w\" sizes=\"auto, (max-width: 56px) 100vw, 56px\" \/> \u00a0<img loading=\"lazy\" decoding=\"async\" class=\"alignnone size-full wp-image-1709\" src=\"https:\/\/www.rippa.com\/wp-content\/uploads\/2024\/09\/EPA-4.jpg\" alt=\"\" width=\"56\" height=\"29\" srcset=\"https:\/\/www.rippa.com\/wp-content\/uploads\/2024\/09\/EPA-4.jpg 56w, https:\/\/www.rippa.com\/wp-content\/uploads\/2024\/09\/EPA-4-18x9.jpg 18w\" sizes=\"auto, (max-width: 56px) 100vw, 56px\" \/> \u00a0<img loading=\"lazy\" decoding=\"async\" class=\"alignnone size-full wp-image-1710\" src=\"https:\/\/www.rippa.com\/wp-content\/uploads\/2024\/09\/\u6b27\u4e94.jpg\" alt=\"\" width=\"56\" height=\"29\" srcset=\"https:\/\/www.rippa.com\/wp-content\/uploads\/2024\/09\/\u6b27\u4e94.jpg 56w, https:\/\/www.rippa.com\/wp-content\/uploads\/2024\/09\/\u6b27\u4e94-18x9.jpg 18w\" sizes=\"auto, (max-width: 56px) 100vw, 56px\" \/><\/p>\n<p>The R319 mini excavator is an ideal choice for export trade with its high-efficiency engine, excellent performance, reliability and durability, humanized design, flexibility and convenience, safety and comfort, and easy maintenance.<\/p>\n<p><strong><span style=\"font-size: 14pt;\">Agentide v\u00e4rbamine kogu maailmas:<\/span><\/strong><br \/>\nODM, OEM, kohandatav<br \/>\nHulgim\u00fc\u00fcgi tellimuste puhul on saadaval soodushinnad.<br \/>\nTootjatel on varud ja kiire tarne.<br \/>\nKlienditugi on teenuste osutamiseks 24 tundi \u00f6\u00f6p\u00e4evas k\u00e4ttesaadav.<br \/>\nT\u00e4ida andmed, saada hinnapakkumine ja saada meie esindajaks!<\/p>","protected":false},"featured_media":2568,"parent":0,"template":"","meta":{"_acf_changed":false,"_seopress_robots_primary_cat":"none","_seopress_titles_title":"","_seopress_titles_desc":"","_seopress_robots_index":""},"categoryproduct":[29],"class_list":["post-1331","product","type-product","status-publish","has-post-thumbnail","hentry","categoryproduct-mini-excavator"],"acf":[],"_links":{"self":[{"href":"https:\/\/www.rippa.com\/et\/wp-json\/wp\/v2\/product\/1331","targetHints":{"allow":["GET"]}}],"collection":[{"href":"https:\/\/www.rippa.com\/et\/wp-json\/wp\/v2\/product"}],"about":[{"href":"https:\/\/www.rippa.com\/et\/wp-json\/wp\/v2\/types\/product"}],"wp:featuredmedia":[{"embeddable":true,"href":"https:\/\/www.rippa.com\/et\/wp-json\/wp\/v2\/media\/2568"}],"wp:attachment":[{"href":"https:\/\/www.rippa.com\/et\/wp-json\/wp\/v2\/media?parent=1331"}],"wp:term":[{"taxonomy":"categoryproduct","embeddable":true,"href":"https:\/\/www.rippa.com\/et\/wp-json\/wp\/v2\/categoryproduct?post=1331"}],"curies":[{"name":"wp","href":"https:\/\/api.w.org\/{rel}","templated":true}]}}