{"id":923,"date":"2024-09-17T16:56:44","date_gmt":"2024-09-17T08:56:44","guid":{"rendered":"https:\/\/rippa.rippa.cc\/?post_type=product&#038;p=923"},"modified":"2026-05-09T14:49:19","modified_gmt":"2026-05-09T06:49:19","slug":"mini-excavator-r15","status":"publish","type":"product","link":"https:\/\/www.rippa.com\/es\/product\/miniexcavadora-r15\/","title":{"rendered":"Miniexcavadora R15"},"content":{"rendered":"<p><img loading=\"lazy\" decoding=\"async\" class=\"alignnone size-full wp-image-1708\" src=\"https:\/\/www.rippa.com\/wp-content\/uploads\/2024\/09\/CE.jpg\" alt=\"\" width=\"56\" height=\"29\" srcset=\"https:\/\/www.rippa.com\/wp-content\/uploads\/2024\/09\/CE.jpg 56w, https:\/\/www.rippa.com\/wp-content\/uploads\/2024\/09\/CE-18x9.jpg 18w\" sizes=\"auto, (max-width: 56px) 100vw, 56px\" \/> \u00a0<img loading=\"lazy\" decoding=\"async\" class=\"alignnone size-full wp-image-1709\" src=\"https:\/\/www.rippa.com\/wp-content\/uploads\/2024\/09\/EPA-4.jpg\" alt=\"\" width=\"56\" height=\"29\" srcset=\"https:\/\/www.rippa.com\/wp-content\/uploads\/2024\/09\/EPA-4.jpg 56w, https:\/\/www.rippa.com\/wp-content\/uploads\/2024\/09\/EPA-4-18x9.jpg 18w\" sizes=\"auto, (max-width: 56px) 100vw, 56px\" \/> \u00a0<img loading=\"lazy\" decoding=\"async\" class=\"alignnone size-full wp-image-1710\" src=\"https:\/\/www.rippa.com\/wp-content\/uploads\/2024\/09\/\u6b27\u4e94.jpg\" alt=\"\" width=\"56\" height=\"29\" srcset=\"https:\/\/www.rippa.com\/wp-content\/uploads\/2024\/09\/\u6b27\u4e94.jpg 56w, https:\/\/www.rippa.com\/wp-content\/uploads\/2024\/09\/\u6b27\u4e94-18x9.jpg 18w\" sizes=\"auto, (max-width: 56px) 100vw, 56px\" \/><\/p>\n<p>La miniexcavadora RIPPA R15 ECO es un todoterreno equilibrado para proyectos de infraestructuras dom\u00e9sticas. Admite flujos de trabajo estructurados -excavar, dar forma, terminar- sin dejar de ser manejable en entornos residenciales. Ideal para propietarios de viviendas y peque\u00f1os agricultores que desean una m\u00e1quina que cubra la mayor\u00eda de los trabajos de su propiedad.<\/p>\n<p><span style=\"font-size: 14pt;\"><strong>Contrataci\u00f3n de agentes en todo el mundo:<\/strong><\/span><br \/>\nDisponemos de stock en el Centro de Distribuci\u00f3n m\u00e1s cercano a usted, con entrega r\u00e1pida y accesorios completos.<br \/>\nEl personal del servicio de atenci\u00f3n al cliente est\u00e1 en l\u00ednea las 24 horas del d\u00eda para atenderle.<br \/>\nRellene sus datos, obtenga un presupuesto y convi\u00e9rtase en nuestro agente.<\/p>","protected":false},"featured_media":12287,"parent":0,"template":"","meta":{"_acf_changed":false,"_seopress_robots_primary_cat":"none","_seopress_titles_title":"","_seopress_titles_desc":"","_seopress_robots_index":""},"categoryproduct":[29],"class_list":["post-923","product","type-product","status-publish","has-post-thumbnail","hentry","categoryproduct-mini-excavator"],"acf":[],"_links":{"self":[{"href":"https:\/\/www.rippa.com\/es\/wp-json\/wp\/v2\/product\/923","targetHints":{"allow":["GET"]}}],"collection":[{"href":"https:\/\/www.rippa.com\/es\/wp-json\/wp\/v2\/product"}],"about":[{"href":"https:\/\/www.rippa.com\/es\/wp-json\/wp\/v2\/types\/product"}],"wp:featuredmedia":[{"embeddable":true,"href":"https:\/\/www.rippa.com\/es\/wp-json\/wp\/v2\/media\/12287"}],"wp:attachment":[{"href":"https:\/\/www.rippa.com\/es\/wp-json\/wp\/v2\/media?parent=923"}],"wp:term":[{"taxonomy":"categoryproduct","embeddable":true,"href":"https:\/\/www.rippa.com\/es\/wp-json\/wp\/v2\/categoryproduct?post=923"}],"curies":[{"name":"wp","href":"https:\/\/api.w.org\/{rel}","templated":true}]}}