{"id":5131,"date":"2025-02-19T15:29:00","date_gmt":"2025-02-19T07:29:00","guid":{"rendered":"https:\/\/rippa.com\/?post_type=product&#038;p=5131"},"modified":"2026-02-25T17:12:13","modified_gmt":"2026-02-25T09:12:13","slug":"electric-forklift-rf35e","status":"publish","type":"product","link":"https:\/\/www.rippa.com\/es\/product\/electric-forklift-rf35e\/","title":{"rendered":"Carretilla elevadora el\u00e9ctrica RF35E"},"content":{"rendered":"<p>The RF35 is designed with operator comfort and convenience in mind, making it more advantageous in industrial working environments. Its wide, textured armrests provide good support and grip, helping to reduce fatigue from long hours of operation. At the same time, the deep, non-slip steps allow for safe entry and exit, reducing the risk of slipping and improving operational safety.<\/p>\n<p><strong><span style=\"font-size: 14pt;\">Contrataci\u00f3n de agentes en todo el mundo:<\/span><\/strong><br \/>\nODM, OEM, personalizable<br \/>\nPrecios reducidos para pedidos al por mayor.<br \/>\nLos fabricantes disponen de existencias y realizan entregas r\u00e1pidas.<br \/>\nEl personal de atenci\u00f3n al cliente est\u00e1 en l\u00ednea 24 horas al d\u00eda para prestar servicios.<br \/>\nRellene los datos, obtenga un presupuesto y convi\u00e9rtase en nuestro agente.<\/p>","protected":false},"featured_media":5134,"parent":0,"template":"","meta":{"_acf_changed":false,"_seopress_robots_primary_cat":"none","_seopress_titles_title":"","_seopress_titles_desc":"","_seopress_robots_index":""},"categoryproduct":[41],"class_list":["post-5131","product","type-product","status-publish","has-post-thumbnail","hentry","categoryproduct-rippa-forklift"],"acf":[],"_links":{"self":[{"href":"https:\/\/www.rippa.com\/es\/wp-json\/wp\/v2\/product\/5131","targetHints":{"allow":["GET"]}}],"collection":[{"href":"https:\/\/www.rippa.com\/es\/wp-json\/wp\/v2\/product"}],"about":[{"href":"https:\/\/www.rippa.com\/es\/wp-json\/wp\/v2\/types\/product"}],"wp:featuredmedia":[{"embeddable":true,"href":"https:\/\/www.rippa.com\/es\/wp-json\/wp\/v2\/media\/5134"}],"wp:attachment":[{"href":"https:\/\/www.rippa.com\/es\/wp-json\/wp\/v2\/media?parent=5131"}],"wp:term":[{"taxonomy":"categoryproduct","embeddable":true,"href":"https:\/\/www.rippa.com\/es\/wp-json\/wp\/v2\/categoryproduct?post=5131"}],"curies":[{"name":"wp","href":"https:\/\/api.w.org\/{rel}","templated":true}]}}