{"id":5121,"date":"2025-02-19T15:12:22","date_gmt":"2025-02-19T07:12:22","guid":{"rendered":"https:\/\/rippa.com\/?post_type=product&#038;p=5121"},"modified":"2026-02-25T17:12:22","modified_gmt":"2026-02-25T09:12:22","slug":"electric-forklift-rf30e","status":"publish","type":"product","link":"https:\/\/www.rippa.com\/es\/product\/electric-forklift-rf30e\/","title":{"rendered":"Carretilla elevadora el\u00e9ctrica RF30E"},"content":{"rendered":"<p>The all-AC system utilizes advanced AC drive motors and AC hydraulic motorto achieve high performance at a low cost. AC motors do not require motorbrushes or containers to be inspected or replaced, which greatly reducesoverall routine maintenance costs, AC motors also provide high operatingeffciency, long operating life, and longer operating time compared to traditionalDC motors. The forklift&#8217;s power saving features increase the forklift&#8217;s ability tooperate longer without reducing productivity or performance.<\/p>\n<p><strong><span style=\"font-size: 14pt;\">Contrataci\u00f3n de agentes en todo el mundo:<\/span><\/strong><br \/>\nODM, OEM, personalizable<br \/>\nPrecios reducidos para pedidos al por mayor.<br \/>\nLos fabricantes disponen de existencias y realizan entregas r\u00e1pidas.<br \/>\nEl personal de atenci\u00f3n al cliente est\u00e1 en l\u00ednea 24 horas al d\u00eda para prestar servicios.<br \/>\nRellene los datos, obtenga un presupuesto y convi\u00e9rtase en nuestro agente.<\/p>","protected":false},"featured_media":5124,"parent":0,"template":"","meta":{"_acf_changed":false,"_seopress_robots_primary_cat":"none","_seopress_titles_title":"","_seopress_titles_desc":"","_seopress_robots_index":""},"categoryproduct":[41],"class_list":["post-5121","product","type-product","status-publish","has-post-thumbnail","hentry","categoryproduct-rippa-forklift"],"acf":[],"_links":{"self":[{"href":"https:\/\/www.rippa.com\/es\/wp-json\/wp\/v2\/product\/5121","targetHints":{"allow":["GET"]}}],"collection":[{"href":"https:\/\/www.rippa.com\/es\/wp-json\/wp\/v2\/product"}],"about":[{"href":"https:\/\/www.rippa.com\/es\/wp-json\/wp\/v2\/types\/product"}],"wp:featuredmedia":[{"embeddable":true,"href":"https:\/\/www.rippa.com\/es\/wp-json\/wp\/v2\/media\/5124"}],"wp:attachment":[{"href":"https:\/\/www.rippa.com\/es\/wp-json\/wp\/v2\/media?parent=5121"}],"wp:term":[{"taxonomy":"categoryproduct","embeddable":true,"href":"https:\/\/www.rippa.com\/es\/wp-json\/wp\/v2\/categoryproduct?post=5121"}],"curies":[{"name":"wp","href":"https:\/\/api.w.org\/{rel}","templated":true}]}}