{"id":5111,"date":"2025-02-19T14:53:08","date_gmt":"2025-02-19T06:53:08","guid":{"rendered":"https:\/\/rippa.com\/?post_type=product&#038;p=5111"},"modified":"2026-02-25T17:12:22","modified_gmt":"2026-02-25T09:12:22","slug":"electric-forklift-rf25e","status":"publish","type":"product","link":"https:\/\/www.rippa.com\/es\/product\/electric-forklift-rf25e\/","title":{"rendered":"Carretilla elevadora el\u00e9ctrica RF25E"},"content":{"rendered":"<p>To optimize the control experience, the RF25E uses a thumb-driven directional control device to make operation more precise and reduce hand fatigue. In addition, the seat-side power disconnect device provides more convenient safety control, ensuring that the operator can quickly cut off the power and improve safety performance.<\/p>\n<p><strong><span style=\"font-size: 14pt;\">Contrataci\u00f3n de agentes en todo el mundo:<\/span><\/strong><br \/>\nODM, OEM, personalizable<br \/>\nPrecios reducidos para pedidos al por mayor.<br \/>\nLos fabricantes disponen de existencias y realizan entregas r\u00e1pidas.<br \/>\nEl personal de atenci\u00f3n al cliente est\u00e1 en l\u00ednea 24 horas al d\u00eda para prestar servicios.<br \/>\nRellene los datos, obtenga un presupuesto y convi\u00e9rtase en nuestro agente.<\/p>","protected":false},"featured_media":5114,"parent":0,"template":"","meta":{"_acf_changed":false,"_seopress_robots_primary_cat":"none","_seopress_titles_title":"","_seopress_titles_desc":"","_seopress_robots_index":""},"categoryproduct":[41],"class_list":["post-5111","product","type-product","status-publish","has-post-thumbnail","hentry","categoryproduct-rippa-forklift"],"acf":[],"_links":{"self":[{"href":"https:\/\/www.rippa.com\/es\/wp-json\/wp\/v2\/product\/5111","targetHints":{"allow":["GET"]}}],"collection":[{"href":"https:\/\/www.rippa.com\/es\/wp-json\/wp\/v2\/product"}],"about":[{"href":"https:\/\/www.rippa.com\/es\/wp-json\/wp\/v2\/types\/product"}],"wp:featuredmedia":[{"embeddable":true,"href":"https:\/\/www.rippa.com\/es\/wp-json\/wp\/v2\/media\/5114"}],"wp:attachment":[{"href":"https:\/\/www.rippa.com\/es\/wp-json\/wp\/v2\/media?parent=5111"}],"wp:term":[{"taxonomy":"categoryproduct","embeddable":true,"href":"https:\/\/www.rippa.com\/es\/wp-json\/wp\/v2\/categoryproduct?post=5111"}],"curies":[{"name":"wp","href":"https:\/\/api.w.org\/{rel}","templated":true}]}}