{"id":1572,"date":"2024-09-17T15:32:55","date_gmt":"2024-09-17T07:32:55","guid":{"rendered":"https:\/\/www.rippa.com\/?post_type=product&#038;p=1572"},"modified":"2026-02-25T17:04:39","modified_gmt":"2026-02-25T09:04:39","slug":"rl20-wheel-loader","status":"publish","type":"product","link":"https:\/\/www.rippa.com\/es\/product\/rl20-wheel-loader\/","title":{"rendered":"Cargadora de ruedas RL20"},"content":{"rendered":"<p>With its core selling points such as high efficiency, low fuel consumption, strong power, easy operation and maintenance, ruggedness, humanized design, and rich accessories, the RL20 loader has a significant advantage in the loader market and is an ideal choice for export trade.<\/p>\n<p><strong>Reclutamos sinceramente agentes globales:<\/strong><br \/>\nODM, OEM, personalizable<br \/>\nDescuentos para pedidos al por mayor.<br \/>\nEl fabricante dispone de existencias y realiza entregas r\u00e1pidas.<br \/>\nEl personal del servicio de atenci\u00f3n al cliente est\u00e1 en l\u00ednea las 24 horas del d\u00eda.<br \/>\nRellene sus datos, obtenga un presupuesto y convi\u00e9rtase en nuestro agente.<\/p>","protected":false},"featured_media":11474,"parent":0,"template":"","meta":{"_acf_changed":false,"_seopress_robots_primary_cat":"none","_seopress_titles_title":"","_seopress_titles_desc":"","_seopress_robots_index":""},"categoryproduct":[43],"class_list":["post-1572","product","type-product","status-publish","has-post-thumbnail","hentry","categoryproduct-wheel-loader"],"acf":[],"_links":{"self":[{"href":"https:\/\/www.rippa.com\/es\/wp-json\/wp\/v2\/product\/1572","targetHints":{"allow":["GET"]}}],"collection":[{"href":"https:\/\/www.rippa.com\/es\/wp-json\/wp\/v2\/product"}],"about":[{"href":"https:\/\/www.rippa.com\/es\/wp-json\/wp\/v2\/types\/product"}],"wp:featuredmedia":[{"embeddable":true,"href":"https:\/\/www.rippa.com\/es\/wp-json\/wp\/v2\/media\/11474"}],"wp:attachment":[{"href":"https:\/\/www.rippa.com\/es\/wp-json\/wp\/v2\/media?parent=1572"}],"wp:term":[{"taxonomy":"categoryproduct","embeddable":true,"href":"https:\/\/www.rippa.com\/es\/wp-json\/wp\/v2\/categoryproduct?post=1572"}],"curies":[{"name":"wp","href":"https:\/\/api.w.org\/{rel}","templated":true}]}}