{"id":1566,"date":"2024-09-17T15:36:36","date_gmt":"2024-09-17T07:36:36","guid":{"rendered":"https:\/\/www.rippa.com\/?post_type=product&#038;p=1566"},"modified":"2026-04-21T16:40:01","modified_gmt":"2026-04-21T08:40:01","slug":"rl15-wheel-loader","status":"publish","type":"product","link":"https:\/\/www.rippa.com\/es\/product\/rl15-cargador-de-ruedas\/","title":{"rendered":"Cargadora de ruedas RL15"},"content":{"rendered":"<p>La pala cargadora RL15 se ha convertido en una opci\u00f3n ideal para el comercio de exportaci\u00f3n con sus principales puntos de venta como alta eficiencia y ahorro de energ\u00eda, compacidad y flexibilidad, fuerte capacidad de carga, operaci\u00f3n y mantenimiento simple, amplia aplicabilidad multi-funcional, y bajos costos de operaci\u00f3n.<\/p>\n<p><strong>Reclutamos sinceramente agentes globales:<\/strong><br \/>\nODM, OEM, personalizable<br \/>\nDescuentos para pedidos al por mayor.<br \/>\nEl fabricante dispone de existencias y realiza entregas r\u00e1pidas.<br \/>\nEl personal de atenci\u00f3n al cliente presta servicios en l\u00ednea las 24 horas del d\u00eda.<br \/>\nRellene sus datos, obtenga un presupuesto y convi\u00e9rtase en nuestro agente.<\/p>","protected":false},"featured_media":11466,"parent":0,"template":"","meta":{"_acf_changed":false,"_seopress_robots_primary_cat":"none","_seopress_titles_title":"","_seopress_titles_desc":"","_seopress_robots_index":""},"categoryproduct":[43],"class_list":["post-1566","product","type-product","status-publish","has-post-thumbnail","hentry","categoryproduct-wheel-loader"],"acf":[],"_links":{"self":[{"href":"https:\/\/www.rippa.com\/es\/wp-json\/wp\/v2\/product\/1566","targetHints":{"allow":["GET"]}}],"collection":[{"href":"https:\/\/www.rippa.com\/es\/wp-json\/wp\/v2\/product"}],"about":[{"href":"https:\/\/www.rippa.com\/es\/wp-json\/wp\/v2\/types\/product"}],"wp:featuredmedia":[{"embeddable":true,"href":"https:\/\/www.rippa.com\/es\/wp-json\/wp\/v2\/media\/11466"}],"wp:attachment":[{"href":"https:\/\/www.rippa.com\/es\/wp-json\/wp\/v2\/media?parent=1566"}],"wp:term":[{"taxonomy":"categoryproduct","embeddable":true,"href":"https:\/\/www.rippa.com\/es\/wp-json\/wp\/v2\/categoryproduct?post=1566"}],"curies":[{"name":"wp","href":"https:\/\/api.w.org\/{rel}","templated":true}]}}