{"id":1447,"date":"2024-09-16T15:41:34","date_gmt":"2024-09-16T07:41:34","guid":{"rendered":"https:\/\/www.rippa.com\/?post_type=product&#038;p=1447"},"modified":"2026-03-19T11:31:02","modified_gmt":"2026-03-19T03:31:02","slug":"rf50-diesel-forklift","status":"publish","type":"product","link":"https:\/\/www.rippa.com\/es\/product\/rf50-diesel-forklift\/","title":{"rendered":"Carretilla elevadora diesel RF50"},"content":{"rendered":"<p>The advantages of the RF50 diesel forklift in terms of performance, quality, versatility, operator comfort, operating efficiency and manufacturer strength will help attract foreign customers and promote export trade.<\/p>\n<p><strong><span style=\"font-size: 14pt;\">Contrataci\u00f3n de agentes en todo el mundo:<\/span><\/strong><br \/>\nODM, OEM, personalizable<br \/>\nPrecios reducidos para pedidos al por mayor.<br \/>\nLos fabricantes disponen de existencias y realizan entregas r\u00e1pidas.<br \/>\nEl personal de atenci\u00f3n al cliente est\u00e1 en l\u00ednea 24 horas al d\u00eda para prestar servicios.<br \/>\nRellene los datos, obtenga un presupuesto y convi\u00e9rtase en nuestro agente.<\/p>","protected":false},"featured_media":12388,"parent":0,"template":"","meta":{"_acf_changed":false,"_seopress_robots_primary_cat":"none","_seopress_titles_title":"","_seopress_titles_desc":"","_seopress_robots_index":""},"categoryproduct":[41],"class_list":["post-1447","product","type-product","status-publish","has-post-thumbnail","hentry","categoryproduct-rippa-forklift"],"acf":[],"_links":{"self":[{"href":"https:\/\/www.rippa.com\/es\/wp-json\/wp\/v2\/product\/1447","targetHints":{"allow":["GET"]}}],"collection":[{"href":"https:\/\/www.rippa.com\/es\/wp-json\/wp\/v2\/product"}],"about":[{"href":"https:\/\/www.rippa.com\/es\/wp-json\/wp\/v2\/types\/product"}],"wp:featuredmedia":[{"embeddable":true,"href":"https:\/\/www.rippa.com\/es\/wp-json\/wp\/v2\/media\/12388"}],"wp:attachment":[{"href":"https:\/\/www.rippa.com\/es\/wp-json\/wp\/v2\/media?parent=1447"}],"wp:term":[{"taxonomy":"categoryproduct","embeddable":true,"href":"https:\/\/www.rippa.com\/es\/wp-json\/wp\/v2\/categoryproduct?post=1447"}],"curies":[{"name":"wp","href":"https:\/\/api.w.org\/{rel}","templated":true}]}}