{"id":1425,"date":"2024-09-16T15:31:56","date_gmt":"2024-09-16T07:31:56","guid":{"rendered":"https:\/\/www.rippa.com\/?post_type=product&#038;p=1425"},"modified":"2024-11-14T10:09:39","modified_gmt":"2024-11-14T02:09:39","slug":"r550-rough-terrain-forklift","status":"publish","type":"product","link":"https:\/\/www.rippa.com\/es\/product\/r550-rough-terrain-forklift\/","title":{"rendered":"Carretilla elevadora todoterreno R550"},"content":{"rendered":"<p>La carretilla elevadora todoterreno R550 es conocida por su excelente rendimiento fuera de la carretera. Puede hacer frente f\u00e1cilmente a terrenos fangosos, escabrosos y otros terrenos complejos, asegurando operaciones ilimitadas. Su sistema de potencia potente y dise\u00f1o de carrocer\u00eda estable tienen una fuerte capacidad de carga y alta eficiencia de operaci\u00f3n. Al mismo tiempo, la carretilla elevadora todo terreno tiene una operabilidad flexible y rendimiento de control preciso para cumplir con diferentes necesidades de operaci\u00f3n. Durable, confiable, f\u00e1cil de mantener, y de costos de uso reducidos, la carretilla elevadora todo terreno R550 es una elecci\u00f3n ideal para mejorar la eficiencia de operaci\u00f3n, expandir el alcance de operaci\u00f3n, y asegurar la seguridad de operaci\u00f3n.<\/p>\n<p><strong>Contrataci\u00f3n de agentes en todo el mundo:<\/strong><br \/>\nODM, OEM, personalizable<br \/>\nPrecios reducidos para pedidos al por mayor.<br \/>\nLos fabricantes disponen de existencias y realizan entregas r\u00e1pidas.<br \/>\nEl personal de atenci\u00f3n al cliente est\u00e1 en l\u00ednea 24 horas al d\u00eda para prestar servicios.<br \/>\nRellene los datos, obtenga un presupuesto y convi\u00e9rtase en nuestro agente.<\/p>","protected":false},"featured_media":2631,"parent":0,"template":"","meta":{"_acf_changed":false,"_seopress_robots_primary_cat":"none","_seopress_titles_title":"","_seopress_titles_desc":"","_seopress_robots_index":""},"categoryproduct":[41],"class_list":["post-1425","product","type-product","status-publish","has-post-thumbnail","hentry","categoryproduct-rippa-forklift"],"acf":[],"_links":{"self":[{"href":"https:\/\/www.rippa.com\/es\/wp-json\/wp\/v2\/product\/1425","targetHints":{"allow":["GET"]}}],"collection":[{"href":"https:\/\/www.rippa.com\/es\/wp-json\/wp\/v2\/product"}],"about":[{"href":"https:\/\/www.rippa.com\/es\/wp-json\/wp\/v2\/types\/product"}],"wp:featuredmedia":[{"embeddable":true,"href":"https:\/\/www.rippa.com\/es\/wp-json\/wp\/v2\/media\/2631"}],"wp:attachment":[{"href":"https:\/\/www.rippa.com\/es\/wp-json\/wp\/v2\/media?parent=1425"}],"wp:term":[{"taxonomy":"categoryproduct","embeddable":true,"href":"https:\/\/www.rippa.com\/es\/wp-json\/wp\/v2\/categoryproduct?post=1425"}],"curies":[{"name":"wp","href":"https:\/\/api.w.org\/{rel}","templated":true}]}}