{"id":5477,"date":"2024-09-16T16:01:35","date_gmt":"2024-09-16T08:01:35","guid":{"rendered":"https:\/\/rippa.com\/?post_type=product&#038;p=5477"},"modified":"2026-03-14T16:40:33","modified_gmt":"2026-03-14T08:40:33","slug":"backhoe-loader-rb25","status":"publish","type":"product","link":"https:\/\/www.rippa.com\/de\/product\/backhoe-loader-rb25\/","title":{"rendered":"Backhoe Loader RB25"},"content":{"rendered":"<p><img loading=\"lazy\" decoding=\"async\" class=\"alignnone size-full wp-image-1708\" src=\"https:\/\/www.rippa.com\/wp-content\/uploads\/2024\/09\/CE.jpg\" alt=\"\" width=\"56\" height=\"29\" srcset=\"https:\/\/www.rippa.com\/wp-content\/uploads\/2024\/09\/CE.jpg 56w, https:\/\/www.rippa.com\/wp-content\/uploads\/2024\/09\/CE-18x9.jpg 18w\" sizes=\"auto, (max-width: 56px) 100vw, 56px\" \/> \u00a0<img loading=\"lazy\" decoding=\"async\" class=\"alignnone size-full wp-image-1709\" src=\"https:\/\/www.rippa.com\/wp-content\/uploads\/2024\/09\/EPA-4.jpg\" alt=\"\" width=\"56\" height=\"29\" srcset=\"https:\/\/www.rippa.com\/wp-content\/uploads\/2024\/09\/EPA-4.jpg 56w, https:\/\/www.rippa.com\/wp-content\/uploads\/2024\/09\/EPA-4-18x9.jpg 18w\" sizes=\"auto, (max-width: 56px) 100vw, 56px\" \/> \u00a0<img loading=\"lazy\" decoding=\"async\" class=\"alignnone size-full wp-image-1710\" src=\"https:\/\/www.rippa.com\/wp-content\/uploads\/2024\/09\/\u6b27\u4e94.jpg\" alt=\"\" width=\"56\" height=\"29\" srcset=\"https:\/\/www.rippa.com\/wp-content\/uploads\/2024\/09\/\u6b27\u4e94.jpg 56w, https:\/\/www.rippa.com\/wp-content\/uploads\/2024\/09\/\u6b27\u4e94-18x9.jpg 18w\" sizes=\"auto, (max-width: 56px) 100vw, 56px\" \/><\/p>\n<p>The wide applicability and powerful mechanical configuration of the RB25 backhoe loader have indeed won it a lot of love in the international market. The comfortable driving experience, optimized control design, and optimization of low fuel consumption and high durability have also increased its competitiveness in the global market. Especially in the foreign market, with the continuous improvement of environmental protection and efficient operation requirements, the RB25 undoubtedly meets these requirements and enhances the influence of the Ripa brand.<\/p>\n<p>We sincerely recruit global agents:<br \/>\nODM, OEM, Gro\u00dfhandel<br \/>\nBestellungen k\u00f6nnen zu erm\u00e4\u00dfigten Preisen erfolgen.<br \/>\nDer Hersteller hat Lagerbest\u00e4nde und liefert schnell.<br \/>\nDie Mitarbeiter des Kundendienstes bieten 24 Stunden am Tag Online-Dienste an.<br \/>\nF\u00fcllen Sie die Informationen aus, holen Sie ein Angebot ein und werden Sie unser Agent!<\/p>\n<p>&nbsp;<\/p>","protected":false},"featured_media":12153,"parent":0,"template":"","meta":{"_acf_changed":false,"_seopress_robots_primary_cat":"none","_seopress_titles_title":"","_seopress_titles_desc":"","_seopress_robots_index":""},"categoryproduct":[36],"class_list":["post-5477","product","type-product","status-publish","has-post-thumbnail","hentry","categoryproduct-loader"],"acf":[],"_links":{"self":[{"href":"https:\/\/www.rippa.com\/de\/wp-json\/wp\/v2\/product\/5477","targetHints":{"allow":["GET"]}}],"collection":[{"href":"https:\/\/www.rippa.com\/de\/wp-json\/wp\/v2\/product"}],"about":[{"href":"https:\/\/www.rippa.com\/de\/wp-json\/wp\/v2\/types\/product"}],"wp:featuredmedia":[{"embeddable":true,"href":"https:\/\/www.rippa.com\/de\/wp-json\/wp\/v2\/media\/12153"}],"wp:attachment":[{"href":"https:\/\/www.rippa.com\/de\/wp-json\/wp\/v2\/media?parent=5477"}],"wp:term":[{"taxonomy":"categoryproduct","embeddable":true,"href":"https:\/\/www.rippa.com\/de\/wp-json\/wp\/v2\/categoryproduct?post=5477"}],"curies":[{"name":"wp","href":"https:\/\/api.w.org\/{rel}","templated":true}]}}