{"id":12977,"date":"2024-09-14T17:36:18","date_gmt":"2024-09-14T09:36:18","guid":{"rendered":"https:\/\/www.rippa.com\/?post_type=product&#038;p=12977"},"modified":"2026-04-08T17:33:47","modified_gmt":"2026-04-08T09:33:47","slug":"r06-mini-excavator-2","status":"publish","type":"product","link":"https:\/\/www.rippa.com\/de\/product\/r06-mini-excavator-2\/","title":{"rendered":"R06 Minibagger"},"content":{"rendered":"<p><img loading=\"lazy\" decoding=\"async\" class=\"alignnone size-full wp-image-1708\" src=\"https:\/\/www.rippa.com\/wp-content\/uploads\/2024\/09\/CE.jpg\" sizes=\"auto, (max-width: 56px) 100vw, 56px\" srcset=\"https:\/\/www.rippa.com\/wp-content\/uploads\/2024\/09\/CE.jpg 56w, https:\/\/www.rippa.com\/wp-content\/uploads\/2024\/09\/CE-18x9.jpg 18w\" alt=\"\" width=\"56\" height=\"29\" \/>\u00a0\u00a0<img loading=\"lazy\" decoding=\"async\" class=\"alignnone size-full wp-image-1709\" src=\"https:\/\/www.rippa.com\/wp-content\/uploads\/2024\/09\/EPA-4.jpg\" sizes=\"auto, (max-width: 56px) 100vw, 56px\" srcset=\"https:\/\/www.rippa.com\/wp-content\/uploads\/2024\/09\/EPA-4.jpg 56w, https:\/\/www.rippa.com\/wp-content\/uploads\/2024\/09\/EPA-4-18x9.jpg 18w\" alt=\"\" width=\"56\" height=\"29\" \/>\u00a0\u00a0<img loading=\"lazy\" decoding=\"async\" class=\"alignnone size-full wp-image-1710\" src=\"https:\/\/www.rippa.com\/wp-content\/uploads\/2024\/09\/%E6%AC%A7%E4%BA%94.jpg\" sizes=\"auto, (max-width: 56px) 100vw, 56px\" srcset=\"https:\/\/www.rippa.com\/wp-content\/uploads\/2024\/09\/\u6b27\u4e94.jpg 56w, https:\/\/www.rippa.com\/wp-content\/uploads\/2024\/09\/\u6b27\u4e94-18x9.jpg 18w\" alt=\"\" width=\"56\" height=\"29\" \/><\/p>\n<p>RIPPA R06 ECO mini excavator is an ultra-quiet, ultra-compact machine for tight access and first-time owners. It focuses on shallow trenching and light property maintenance with precise control and easy transport. Ideal where low disturbance matters more than maximum output.<\/p>\n<p><strong>Rekrutierung von Agenten weltweit:<\/strong><br \/>\nDas Lager ist im n\u00e4chstgelegenen Vertriebszentrum verf\u00fcgbar, mit schneller Lieferung und komplettem Zubeh\u00f6r.<br \/>\nDie Mitarbeiter des Kundendienstes sind 24 Stunden am Tag online, um Sie zu unterst\u00fctzen.<br \/>\nGeben Sie Ihre Daten ein, holen Sie ein Angebot ein und werden Sie unser Agent!<\/p>","protected":false},"featured_media":12281,"parent":0,"template":"","meta":{"_acf_changed":false,"_seopress_robots_primary_cat":"none","_seopress_titles_title":"","_seopress_titles_desc":"","_seopress_robots_index":""},"categoryproduct":[29],"class_list":["post-12977","product","type-product","status-publish","has-post-thumbnail","hentry","categoryproduct-mini-excavator"],"acf":[],"_links":{"self":[{"href":"https:\/\/www.rippa.com\/de\/wp-json\/wp\/v2\/product\/12977","targetHints":{"allow":["GET"]}}],"collection":[{"href":"https:\/\/www.rippa.com\/de\/wp-json\/wp\/v2\/product"}],"about":[{"href":"https:\/\/www.rippa.com\/de\/wp-json\/wp\/v2\/types\/product"}],"wp:featuredmedia":[{"embeddable":true,"href":"https:\/\/www.rippa.com\/de\/wp-json\/wp\/v2\/media\/12281"}],"wp:attachment":[{"href":"https:\/\/www.rippa.com\/de\/wp-json\/wp\/v2\/media?parent=12977"}],"wp:term":[{"taxonomy":"categoryproduct","embeddable":true,"href":"https:\/\/www.rippa.com\/de\/wp-json\/wp\/v2\/categoryproduct?post=12977"}],"curies":[{"name":"wp","href":"https:\/\/api.w.org\/{rel}","templated":true}]}}