{"id":23,"date":"2024-08-13T14:57:38","date_gmt":"2024-08-13T06:57:38","guid":{"rendered":"http:\/\/haonuo.cc\/?page_id=23"},"modified":"2025-06-06T14:40:48","modified_gmt":"2025-06-06T06:40:48","slug":"aboutus","status":"publish","type":"page","link":"https:\/\/www.rippa.com\/de\/uber-uns\/","title":{"rendered":"\u00dcber uns"},"content":{"rendered":"<p>Die Shandong Rippa Machinery Group Co., Ltd. ist ein weltweit t\u00e4tiges Maschinenbauunternehmen mit Hauptsitz in Jining, Provinz Shandong, China, das sich auf die Forschung, Entwicklung, Produktion und den Vertrieb von hochwertigen Baumaschinen und -ger\u00e4ten konzentriert. Zu den Produkten des Unternehmens geh\u00f6ren Bagger, Lader, Gabelstapler, Kompaktlader und deren Zubeh\u00f6r, die in der Landwirtschaft, im Baugewerbe, im Bergbau und in anderen Branchen weit verbreitet sind. Dank innovativer Forschungs- und Entwicklungskapazit\u00e4ten und strenger Qualit\u00e4tskontrollen genie\u00dfen die von Rippa Machinery angebotenen Maschinen weltweit ein hohes Ansehen. Wir exportieren haupts\u00e4chlich in den europ\u00e4ischen und amerikanischen Markt und bieten eine einj\u00e4hrige Qualit\u00e4tsgarantie, um den Bedarf unserer Kunden an kosteng\u00fcnstigen und hochwertigen Produkten zu decken. Rippa hat au\u00dferdem mehrere Vertretungen auf der ganzen Welt, die von der Beratung vor dem Verkauf bis hin zum Kundendienst alles aus einer Hand anbieten, um sicherzustellen, dass die Kunden die besten Erfahrungen bei der Produktauswahl, Lieferung und Wartung machen.<\/p>","protected":false},"excerpt":{"rendered":"<p>Shandong Rippa Machinery Group Co., Ltd. is a global machinery manufacturing company headquartered in Jining, Shandong Province, China, focusing on the research, development, production and sales of high-quality construction machinery and equipment. The company&#8217;s products include excavators, loaders, forklifts, skid loaders and their accessories, which are widely used in agriculture, construction, mining and other industries. [&hellip;]<\/p>","protected":false},"author":1,"featured_media":2813,"parent":0,"menu_order":3,"comment_status":"closed","ping_status":"closed","template":"about.php","meta":{"_acf_changed":false,"_seopress_robots_primary_cat":"","_seopress_titles_title":"","_seopress_titles_desc":"","_seopress_robots_index":"","footnotes":""},"class_list":["post-23","page","type-page","status-publish","has-post-thumbnail","hentry"],"acf":[],"_links":{"self":[{"href":"https:\/\/www.rippa.com\/de\/wp-json\/wp\/v2\/pages\/23","targetHints":{"allow":["GET"]}}],"collection":[{"href":"https:\/\/www.rippa.com\/de\/wp-json\/wp\/v2\/pages"}],"about":[{"href":"https:\/\/www.rippa.com\/de\/wp-json\/wp\/v2\/types\/page"}],"author":[{"embeddable":true,"href":"https:\/\/www.rippa.com\/de\/wp-json\/wp\/v2\/users\/1"}],"replies":[{"embeddable":true,"href":"https:\/\/www.rippa.com\/de\/wp-json\/wp\/v2\/comments?post=23"}],"version-history":[{"count":0,"href":"https:\/\/www.rippa.com\/de\/wp-json\/wp\/v2\/pages\/23\/revisions"}],"wp:featuredmedia":[{"embeddable":true,"href":"https:\/\/www.rippa.com\/de\/wp-json\/wp\/v2\/media\/2813"}],"wp:attachment":[{"href":"https:\/\/www.rippa.com\/de\/wp-json\/wp\/v2\/media?parent=23"}],"curies":[{"name":"wp","href":"https:\/\/api.w.org\/{rel}","templated":true}]}}