{"id":930,"date":"2024-09-17T16:53:16","date_gmt":"2024-09-17T08:53:16","guid":{"rendered":"https:\/\/rippa.rippa.cc\/?post_type=product&#038;p=930"},"modified":"2026-03-30T16:23:39","modified_gmt":"2026-03-30T08:23:39","slug":"mini-excavator-r32","status":"publish","type":"product","link":"https:\/\/www.rippa.com\/cs\/product\/mini-excavator-r32\/","title":{"rendered":"Minirypadlo R32"},"content":{"rendered":"<p><img loading=\"lazy\" decoding=\"async\" class=\"alignnone size-full wp-image-1708\" src=\"https:\/\/www.rippa.com\/wp-content\/uploads\/2024\/09\/CE.jpg\" alt=\"\" width=\"56\" height=\"29\" srcset=\"https:\/\/www.rippa.com\/wp-content\/uploads\/2024\/09\/CE.jpg 56w, https:\/\/www.rippa.com\/wp-content\/uploads\/2024\/09\/CE-18x9.jpg 18w\" sizes=\"auto, (max-width: 56px) 100vw, 56px\" \/> \u00a0<img loading=\"lazy\" decoding=\"async\" class=\"alignnone size-full wp-image-1709\" src=\"https:\/\/www.rippa.com\/wp-content\/uploads\/2024\/09\/EPA-4.jpg\" alt=\"\" width=\"56\" height=\"29\" srcset=\"https:\/\/www.rippa.com\/wp-content\/uploads\/2024\/09\/EPA-4.jpg 56w, https:\/\/www.rippa.com\/wp-content\/uploads\/2024\/09\/EPA-4-18x9.jpg 18w\" sizes=\"auto, (max-width: 56px) 100vw, 56px\" \/> \u00a0<img loading=\"lazy\" decoding=\"async\" class=\"alignnone size-full wp-image-1710\" src=\"https:\/\/www.rippa.com\/wp-content\/uploads\/2024\/09\/\u6b27\u4e94.jpg\" alt=\"\" width=\"56\" height=\"29\" srcset=\"https:\/\/www.rippa.com\/wp-content\/uploads\/2024\/09\/\u6b27\u4e94.jpg 56w, https:\/\/www.rippa.com\/wp-content\/uploads\/2024\/09\/\u6b27\u4e94-18x9.jpg 18w\" sizes=\"auto, (max-width: 56px) 100vw, 56px\" \/><\/p>\n<p>RIPPA R32 PRO mini excavator is semi-pro grade for bigger excavation volumes and higher productivity. It\u2019s well matched to pool digging and light construction workflows that demand jobsite stability and efficiency. Ideal for users stepping up to larger projects and faster delivery.<\/p>\n<p><span style=\"font-size: 14pt;\"><strong>N\u00e1bor agent\u016f po cel\u00e9m sv\u011bt\u011b:<\/strong><\/span><br \/>\nPro velkoobchodn\u00ed objedn\u00e1vky jsou k dispozici zv\u00fdhodn\u011bn\u00e9 ceny.<br \/>\nV\u00fdrobci maj\u00ed skladov\u00e9 z\u00e1soby a zaji\u0161\u0165uj\u00ed rychl\u00e9 dod\u00e1n\u00ed.<br \/>\nPracovn\u00edci z\u00e1kaznick\u00e9 podpory jsou 24 hodin denn\u011b online a poskytuj\u00ed slu\u017eby.<br \/>\nVypl\u0148te informace, z\u00edskejte nab\u00eddku a sta\u0148te se na\u0161\u00edm agentem!<\/p>","protected":false},"featured_media":12292,"parent":0,"template":"","meta":{"_acf_changed":false,"_seopress_robots_primary_cat":"none","_seopress_titles_title":"","_seopress_titles_desc":"","_seopress_robots_index":""},"categoryproduct":[29],"class_list":["post-930","product","type-product","status-publish","has-post-thumbnail","hentry","categoryproduct-mini-excavator"],"acf":[],"_links":{"self":[{"href":"https:\/\/www.rippa.com\/cs\/wp-json\/wp\/v2\/product\/930","targetHints":{"allow":["GET"]}}],"collection":[{"href":"https:\/\/www.rippa.com\/cs\/wp-json\/wp\/v2\/product"}],"about":[{"href":"https:\/\/www.rippa.com\/cs\/wp-json\/wp\/v2\/types\/product"}],"wp:featuredmedia":[{"embeddable":true,"href":"https:\/\/www.rippa.com\/cs\/wp-json\/wp\/v2\/media\/12292"}],"wp:attachment":[{"href":"https:\/\/www.rippa.com\/cs\/wp-json\/wp\/v2\/media?parent=930"}],"wp:term":[{"taxonomy":"categoryproduct","embeddable":true,"href":"https:\/\/www.rippa.com\/cs\/wp-json\/wp\/v2\/categoryproduct?post=930"}],"curies":[{"name":"wp","href":"https:\/\/api.w.org\/{rel}","templated":true}]}}