{"id":5100,"date":"2025-02-19T14:30:05","date_gmt":"2025-02-19T06:30:05","guid":{"rendered":"https:\/\/rippa.com\/?post_type=product&#038;p=5100"},"modified":"2026-02-25T17:12:24","modified_gmt":"2026-02-25T09:12:24","slug":"electric-forklift-rf20e","status":"publish","type":"product","link":"https:\/\/www.rippa.com\/cs\/product\/electric-forklift-rf20e\/","title":{"rendered":"Electric forklift RF20E"},"content":{"rendered":"<p>The all-AC system utilizes advanced AC drive motors and AC hydraulic motorto achieve high performance at a low cost. AC motors do not require motorbrushes or containers to be inspected or replaced, which greatly reducesoverall routine maintenance costs. AC motors also provide high operatingefficiency, long operating life, and longer operating time compared to traditionalDC motors. The forklift&#8217;s power saving features increase the forklift&#8217;s ability tooperate longer without reducing productivity or performance.<\/p>\n<p><strong><span style=\"font-size: 14pt;\">N\u00e1bor agent\u016f po cel\u00e9m sv\u011bt\u011b:<\/span><\/strong><br \/>\nODM, OEM, p\u0159izp\u016fsobiteln\u00e9<br \/>\nPro velkoobchodn\u00ed objedn\u00e1vky jsou k dispozici zv\u00fdhodn\u011bn\u00e9 ceny.<br \/>\nV\u00fdrobci maj\u00ed skladov\u00e9 z\u00e1soby a zaji\u0161\u0165uj\u00ed rychl\u00e9 dod\u00e1n\u00ed.<br \/>\nPracovn\u00edci z\u00e1kaznick\u00e9 podpory jsou 24 hodin denn\u011b online a poskytuj\u00ed slu\u017eby.<br \/>\nVypl\u0148te informace, z\u00edskejte nab\u00eddku a sta\u0148te se na\u0161\u00edm agentem!<\/p>","protected":false},"featured_media":5103,"parent":0,"template":"","meta":{"_acf_changed":false,"_seopress_robots_primary_cat":"none","_seopress_titles_title":"","_seopress_titles_desc":"","_seopress_robots_index":""},"categoryproduct":[41],"class_list":["post-5100","product","type-product","status-publish","has-post-thumbnail","hentry","categoryproduct-rippa-forklift"],"acf":[],"_links":{"self":[{"href":"https:\/\/www.rippa.com\/cs\/wp-json\/wp\/v2\/product\/5100","targetHints":{"allow":["GET"]}}],"collection":[{"href":"https:\/\/www.rippa.com\/cs\/wp-json\/wp\/v2\/product"}],"about":[{"href":"https:\/\/www.rippa.com\/cs\/wp-json\/wp\/v2\/types\/product"}],"wp:featuredmedia":[{"embeddable":true,"href":"https:\/\/www.rippa.com\/cs\/wp-json\/wp\/v2\/media\/5103"}],"wp:attachment":[{"href":"https:\/\/www.rippa.com\/cs\/wp-json\/wp\/v2\/media?parent=5100"}],"wp:term":[{"taxonomy":"categoryproduct","embeddable":true,"href":"https:\/\/www.rippa.com\/cs\/wp-json\/wp\/v2\/categoryproduct?post=5100"}],"curies":[{"name":"wp","href":"https:\/\/api.w.org\/{rel}","templated":true}]}}