{"id":3841,"date":"2024-12-04T16:49:57","date_gmt":"2024-12-04T08:49:57","guid":{"rendered":"https:\/\/rippa.com\/?post_type=product&#038;p=3841"},"modified":"2025-05-23T13:27:35","modified_gmt":"2025-05-23T05:27:35","slug":"rh35-telescopic-handlers","status":"publish","type":"product","link":"https:\/\/www.rippa.com\/cs\/product\/rh35-telescopic-handlers\/","title":{"rendered":"RH35 Telescopic Handlers"},"content":{"rendered":"<p><img loading=\"lazy\" decoding=\"async\" class=\"alignnone size-full wp-image-1708\" src=\"https:\/\/www.rippa.com\/wp-content\/uploads\/2024\/09\/CE.jpg\" alt=\"\" width=\"56\" height=\"29\" srcset=\"https:\/\/www.rippa.com\/wp-content\/uploads\/2024\/09\/CE.jpg 56w, https:\/\/www.rippa.com\/wp-content\/uploads\/2024\/09\/CE-18x9.jpg 18w\" sizes=\"auto, (max-width: 56px) 100vw, 56px\" \/> \u00a0<img loading=\"lazy\" decoding=\"async\" class=\"alignnone size-full wp-image-1709\" src=\"https:\/\/www.rippa.com\/wp-content\/uploads\/2024\/09\/EPA-4.jpg\" alt=\"\" width=\"56\" height=\"29\" srcset=\"https:\/\/www.rippa.com\/wp-content\/uploads\/2024\/09\/EPA-4.jpg 56w, https:\/\/www.rippa.com\/wp-content\/uploads\/2024\/09\/EPA-4-18x9.jpg 18w\" sizes=\"auto, (max-width: 56px) 100vw, 56px\" \/> \u00a0<img loading=\"lazy\" decoding=\"async\" class=\"alignnone size-full wp-image-1710\" src=\"https:\/\/www.rippa.com\/wp-content\/uploads\/2024\/09\/\u6b27\u4e94.jpg\" alt=\"\" width=\"56\" height=\"29\" srcset=\"https:\/\/www.rippa.com\/wp-content\/uploads\/2024\/09\/\u6b27\u4e94.jpg 56w, https:\/\/www.rippa.com\/wp-content\/uploads\/2024\/09\/\u6b27\u4e94-18x9.jpg 18w\" sizes=\"auto, (max-width: 56px) 100vw, 56px\" \/><\/p>\n<p>RH35 telescopic forklift has a load capacity of 7.2 tons and a lifting height of 7 meters, suitable for working in small spaces. Equipped with Euro 5 environmentally friendly engine, it is powerful, energy-saving and environmentally friendly. The comfortable cab is equipped with air conditioning and heating, which is easy to operate. It supports a variety of operating attachments and is widely used in transportation and construction. It has passed ISO9001 and CE certification, with reliable quality, strong durability, and is suitable for efficient operation.<\/p>\n<p>N\u00e1bor glob\u00e1ln\u00edch agent\u016f:<br \/>\nODM, OEM, p\u0159izp\u016fsobiteln\u00e9<br \/>\nDiscounted prices are available for wholesale orders.<br \/>\nV\u00fdrobce m\u00e1 skladov\u00e9 z\u00e1soby a rychl\u00e9 dod\u00e1n\u00ed.<br \/>\nPracovn\u00edci z\u00e1kaznick\u00e9ho servisu poskytuj\u00ed slu\u017eby online 24 hodin denn\u011b.<br \/>\nVypl\u0148te informace, z\u00edskejte nab\u00eddku a sta\u0148te se na\u0161\u00edm agentem!<\/p>","protected":false},"featured_media":5545,"parent":0,"template":"","meta":{"_acf_changed":false,"_seopress_robots_primary_cat":"none","_seopress_titles_title":"","_seopress_titles_desc":"","_seopress_robots_index":""},"categoryproduct":[116],"class_list":["post-3841","product","type-product","status-publish","has-post-thumbnail","hentry","categoryproduct-telescopic-handlers"],"acf":[],"_links":{"self":[{"href":"https:\/\/www.rippa.com\/cs\/wp-json\/wp\/v2\/product\/3841","targetHints":{"allow":["GET"]}}],"collection":[{"href":"https:\/\/www.rippa.com\/cs\/wp-json\/wp\/v2\/product"}],"about":[{"href":"https:\/\/www.rippa.com\/cs\/wp-json\/wp\/v2\/types\/product"}],"wp:featuredmedia":[{"embeddable":true,"href":"https:\/\/www.rippa.com\/cs\/wp-json\/wp\/v2\/media\/5545"}],"wp:attachment":[{"href":"https:\/\/www.rippa.com\/cs\/wp-json\/wp\/v2\/media?parent=3841"}],"wp:term":[{"taxonomy":"categoryproduct","embeddable":true,"href":"https:\/\/www.rippa.com\/cs\/wp-json\/wp\/v2\/categoryproduct?post=3841"}],"curies":[{"name":"wp","href":"https:\/\/api.w.org\/{rel}","templated":true}]}}