{"id":235,"date":"2024-09-17T16:55:27","date_gmt":"2024-09-17T08:55:27","guid":{"rendered":"http:\/\/localhost\/?post_type=product&#038;p=235"},"modified":"2026-03-30T15:55:51","modified_gmt":"2026-03-30T07:55:51","slug":"mini-excavator-r18","status":"publish","type":"product","link":"https:\/\/www.rippa.com\/cs\/product\/minirypadlo-r18\/","title":{"rendered":"Minirypadlo R18"},"content":{"rendered":"<p><img loading=\"lazy\" decoding=\"async\" class=\"alignnone size-full wp-image-1708\" src=\"https:\/\/www.rippa.com\/wp-content\/uploads\/2024\/09\/CE.jpg\" alt=\"\" width=\"56\" height=\"29\" srcset=\"https:\/\/www.rippa.com\/wp-content\/uploads\/2024\/09\/CE.jpg 56w, https:\/\/www.rippa.com\/wp-content\/uploads\/2024\/09\/CE-18x9.jpg 18w\" sizes=\"auto, (max-width: 56px) 100vw, 56px\" \/> \u00a0<img loading=\"lazy\" decoding=\"async\" class=\"alignnone size-full wp-image-1709\" src=\"https:\/\/www.rippa.com\/wp-content\/uploads\/2024\/09\/EPA-4.jpg\" alt=\"\" width=\"56\" height=\"29\" srcset=\"https:\/\/www.rippa.com\/wp-content\/uploads\/2024\/09\/EPA-4.jpg 56w, https:\/\/www.rippa.com\/wp-content\/uploads\/2024\/09\/EPA-4-18x9.jpg 18w\" sizes=\"auto, (max-width: 56px) 100vw, 56px\" \/> \u00a0<img loading=\"lazy\" decoding=\"async\" class=\"alignnone size-full wp-image-1710\" src=\"https:\/\/www.rippa.com\/wp-content\/uploads\/2024\/09\/\u6b27\u4e94.jpg\" alt=\"\" width=\"56\" height=\"29\" srcset=\"https:\/\/www.rippa.com\/wp-content\/uploads\/2024\/09\/\u6b27\u4e94.jpg 56w, https:\/\/www.rippa.com\/wp-content\/uploads\/2024\/09\/\u6b27\u4e94-18x9.jpg 18w\" sizes=\"auto, (max-width: 56px) 100vw, 56px\" \/><\/p>\n<p>RIPPA R18 PRO mini excavator is reinforced for tougher ground, roots, and heavier property work. It\u2019s designed to maintain traction and stability during demanding cleanup and land restoration tasks. Ideal for landowners who frequently handle roots, logs, and stubborn soil conditions.<\/p>\n<p><span style=\"font-size: 14pt;\"><strong>N\u00e1bor agent\u016f po cel\u00e9m sv\u011bt\u011b:<\/strong><\/span><br \/>\nSkladem je v nejbli\u017e\u0161\u00edm distribu\u010dn\u00edm centru s rychl\u00fdm dod\u00e1n\u00edm a kompletn\u00edm p\u0159\u00edslu\u0161enstv\u00edm.<br \/>\nPracovn\u00edci z\u00e1kaznick\u00e9ho servisu jsou 24 hodin denn\u011b online, aby v\u00e1m poskytli slu\u017eby.<br \/>\nVypl\u0148te sv\u00e9 \u00fadaje, z\u00edskejte nab\u00eddku a sta\u0148te se na\u0161\u00edm agentem!<\/p>","protected":false},"featured_media":12289,"parent":0,"template":"","meta":{"_acf_changed":false,"_seopress_robots_primary_cat":"none","_seopress_titles_title":"","_seopress_titles_desc":"","_seopress_robots_index":""},"categoryproduct":[29],"class_list":["post-235","product","type-product","status-publish","has-post-thumbnail","hentry","categoryproduct-mini-excavator"],"acf":[],"_links":{"self":[{"href":"https:\/\/www.rippa.com\/cs\/wp-json\/wp\/v2\/product\/235","targetHints":{"allow":["GET"]}}],"collection":[{"href":"https:\/\/www.rippa.com\/cs\/wp-json\/wp\/v2\/product"}],"about":[{"href":"https:\/\/www.rippa.com\/cs\/wp-json\/wp\/v2\/types\/product"}],"wp:featuredmedia":[{"embeddable":true,"href":"https:\/\/www.rippa.com\/cs\/wp-json\/wp\/v2\/media\/12289"}],"wp:attachment":[{"href":"https:\/\/www.rippa.com\/cs\/wp-json\/wp\/v2\/media?parent=235"}],"wp:term":[{"taxonomy":"categoryproduct","embeddable":true,"href":"https:\/\/www.rippa.com\/cs\/wp-json\/wp\/v2\/categoryproduct?post=235"}],"curies":[{"name":"wp","href":"https:\/\/api.w.org\/{rel}","templated":true}]}}