{"id":1610,"date":"2024-09-17T16:40:36","date_gmt":"2024-09-17T08:40:36","guid":{"rendered":"https:\/\/www.rippa.com\/?post_type=product&#038;p=1610"},"modified":"2026-02-25T17:25:41","modified_gmt":"2026-02-25T09:25:41","slug":"r320-large-excavator","status":"publish","type":"product","link":"https:\/\/www.rippa.com\/cs\/product\/r320-large-excavator\/","title":{"rendered":"Velk\u00e9 r\u00fdpadlo R320"},"content":{"rendered":"<p>The R320 large excavator has strong competitiveness in the excavator market with its core selling points such as efficient power system, energy saving and consumption reduction, intelligent control, durability and reliability, humanized design, convenient maintenance, perfect service support, upgraded configuration and options, green environmental protection, etc., and is very suitable for export trade.<\/p>\n<p><strong>Sincerely recruit global agents:<\/strong><br \/>\nODM, OEM, p\u0159izp\u016fsobiteln\u00e9<br \/>\nVelkoobchodn\u00ed objedn\u00e1vky mohou vyu\u017e\u00edvat zv\u00fdhodn\u011bn\u00e9 ceny.<br \/>\nV\u00fdrobce m\u00e1 skladov\u00e9 z\u00e1soby a rychl\u00e9 dod\u00e1n\u00ed.<br \/>\nPracovn\u00edci z\u00e1kaznick\u00e9ho servisu poskytuj\u00ed slu\u017eby online 24 hodin denn\u011b.<br \/>\nVypl\u0148te informace, z\u00edskejte nab\u00eddku a sta\u0148te se na\u0161\u00edm agentem!<\/p>","protected":false},"featured_media":5308,"parent":0,"template":"","meta":{"_acf_changed":false,"_seopress_robots_primary_cat":"none","_seopress_titles_title":"","_seopress_titles_desc":"","_seopress_robots_index":""},"categoryproduct":[30],"class_list":["post-1610","product","type-product","status-publish","has-post-thumbnail","hentry","categoryproduct-large-excavator"],"acf":[],"_links":{"self":[{"href":"https:\/\/www.rippa.com\/cs\/wp-json\/wp\/v2\/product\/1610","targetHints":{"allow":["GET"]}}],"collection":[{"href":"https:\/\/www.rippa.com\/cs\/wp-json\/wp\/v2\/product"}],"about":[{"href":"https:\/\/www.rippa.com\/cs\/wp-json\/wp\/v2\/types\/product"}],"wp:featuredmedia":[{"embeddable":true,"href":"https:\/\/www.rippa.com\/cs\/wp-json\/wp\/v2\/media\/5308"}],"wp:attachment":[{"href":"https:\/\/www.rippa.com\/cs\/wp-json\/wp\/v2\/media?parent=1610"}],"wp:term":[{"taxonomy":"categoryproduct","embeddable":true,"href":"https:\/\/www.rippa.com\/cs\/wp-json\/wp\/v2\/categoryproduct?post=1610"}],"curies":[{"name":"wp","href":"https:\/\/api.w.org\/{rel}","templated":true}]}}