{"id":1607,"date":"2024-09-17T16:42:42","date_gmt":"2024-09-17T08:42:42","guid":{"rendered":"https:\/\/www.rippa.com\/?post_type=product&#038;p=1607"},"modified":"2026-02-25T17:24:54","modified_gmt":"2026-02-25T09:24:54","slug":"r230-large-excavator","status":"publish","type":"product","link":"https:\/\/www.rippa.com\/cs\/product\/r230-large-excavator\/","title":{"rendered":"Velk\u00e9 r\u00fdpadlo R230"},"content":{"rendered":"<p>The advantages of the R230 large excavator in terms of power performance, production efficiency, quality durability, operating comfort, maintenance convenience, and after-sales service support will help attract the attention of potential customers for export trade.<\/p>\n<p><strong>N\u00e1bor glob\u00e1ln\u00edch agent\u016f:<\/strong><br \/>\nODM, OEM, velkoobchod<br \/>\nObjedn\u00e1vky mohou vyu\u017e\u00edt slevov\u00e9 ceny.<br \/>\nV\u00fdrobce m\u00e1 skladov\u00e9 z\u00e1soby a rychl\u00e9 dod\u00e1n\u00ed.<br \/>\nPracovn\u00edci z\u00e1kaznick\u00e9ho servisu poskytuj\u00ed slu\u017eby online 24 hodin denn\u011b.<br \/>\nVypl\u0148te informace, z\u00edskejte nab\u00eddku a sta\u0148te se na\u0161\u00edm agentem!<\/p>","protected":false},"featured_media":5306,"parent":0,"template":"","meta":{"_acf_changed":false,"_seopress_robots_primary_cat":"none","_seopress_titles_title":"","_seopress_titles_desc":"","_seopress_robots_index":""},"categoryproduct":[30],"class_list":["post-1607","product","type-product","status-publish","has-post-thumbnail","hentry","categoryproduct-large-excavator"],"acf":[],"_links":{"self":[{"href":"https:\/\/www.rippa.com\/cs\/wp-json\/wp\/v2\/product\/1607","targetHints":{"allow":["GET"]}}],"collection":[{"href":"https:\/\/www.rippa.com\/cs\/wp-json\/wp\/v2\/product"}],"about":[{"href":"https:\/\/www.rippa.com\/cs\/wp-json\/wp\/v2\/types\/product"}],"wp:featuredmedia":[{"embeddable":true,"href":"https:\/\/www.rippa.com\/cs\/wp-json\/wp\/v2\/media\/5306"}],"wp:attachment":[{"href":"https:\/\/www.rippa.com\/cs\/wp-json\/wp\/v2\/media?parent=1607"}],"wp:term":[{"taxonomy":"categoryproduct","embeddable":true,"href":"https:\/\/www.rippa.com\/cs\/wp-json\/wp\/v2\/categoryproduct?post=1607"}],"curies":[{"name":"wp","href":"https:\/\/api.w.org\/{rel}","templated":true}]}}