{"id":1566,"date":"2024-09-17T15:36:36","date_gmt":"2024-09-17T07:36:36","guid":{"rendered":"https:\/\/www.rippa.com\/?post_type=product&#038;p=1566"},"modified":"2026-02-25T17:27:44","modified_gmt":"2026-02-25T09:27:44","slug":"rl15-wheel-loader","status":"publish","type":"product","link":"https:\/\/www.rippa.com\/cs\/product\/rl15-wheel-loader\/","title":{"rendered":"RL15 Wheel Loader"},"content":{"rendered":"<p>RL15 loader has become an ideal choice for export trade with its core selling points such as high efficiency and energy saving, compactness and flexibility, strong load-bearing capacity, simple operation and maintenance, wide multi-functional applicability, and low operating costs.<\/p>\n<p><strong>Up\u0159\u00edmn\u011b p\u0159ij\u00edm\u00e1me glob\u00e1ln\u00ed agenty:<\/strong><br \/>\nODM, OEM, p\u0159izp\u016fsobiteln\u00e9<br \/>\nPro velkoobchodn\u00ed objedn\u00e1vky jsou k dispozici slevy.<br \/>\nThe manufacturer has inventory and delivers quickly.<br \/>\nPracovn\u00edci z\u00e1kaznick\u00e9ho servisu poskytuj\u00ed slu\u017eby online 24 hodin denn\u011b.<br \/>\nVypl\u0148te sv\u00e9 \u00fadaje, z\u00edskejte nab\u00eddku a sta\u0148te se na\u0161\u00edm agentem!<\/p>","protected":false},"featured_media":11466,"parent":0,"template":"","meta":{"_acf_changed":false,"_seopress_robots_primary_cat":"none","_seopress_titles_title":"","_seopress_titles_desc":"","_seopress_robots_index":""},"categoryproduct":[43],"class_list":["post-1566","product","type-product","status-publish","has-post-thumbnail","hentry","categoryproduct-wheel-loader"],"acf":[],"_links":{"self":[{"href":"https:\/\/www.rippa.com\/cs\/wp-json\/wp\/v2\/product\/1566","targetHints":{"allow":["GET"]}}],"collection":[{"href":"https:\/\/www.rippa.com\/cs\/wp-json\/wp\/v2\/product"}],"about":[{"href":"https:\/\/www.rippa.com\/cs\/wp-json\/wp\/v2\/types\/product"}],"wp:featuredmedia":[{"embeddable":true,"href":"https:\/\/www.rippa.com\/cs\/wp-json\/wp\/v2\/media\/11466"}],"wp:attachment":[{"href":"https:\/\/www.rippa.com\/cs\/wp-json\/wp\/v2\/media?parent=1566"}],"wp:term":[{"taxonomy":"categoryproduct","embeddable":true,"href":"https:\/\/www.rippa.com\/cs\/wp-json\/wp\/v2\/categoryproduct?post=1566"}],"curies":[{"name":"wp","href":"https:\/\/api.w.org\/{rel}","templated":true}]}}