{"id":1563,"date":"2024-09-17T15:37:56","date_gmt":"2024-09-17T07:37:56","guid":{"rendered":"https:\/\/www.rippa.com\/?post_type=product&#038;p=1563"},"modified":"2026-04-21T16:39:43","modified_gmt":"2026-04-21T08:39:43","slug":"rl10-wheel-loader","status":"publish","type":"product","link":"https:\/\/www.rippa.com\/cs\/product\/rl10-wheel-loader\/","title":{"rendered":"RL10 Wheel Loader"},"content":{"rendered":"<p><img loading=\"lazy\" decoding=\"async\" class=\"alignnone size-full wp-image-1708\" src=\"https:\/\/www.rippa.com\/wp-content\/uploads\/2024\/09\/CE.jpg\" alt=\"\" width=\"56\" height=\"29\" srcset=\"https:\/\/www.rippa.com\/wp-content\/uploads\/2024\/09\/CE.jpg 56w, https:\/\/www.rippa.com\/wp-content\/uploads\/2024\/09\/CE-18x9.jpg 18w\" sizes=\"auto, (max-width: 56px) 100vw, 56px\" \/> \u00a0<img loading=\"lazy\" decoding=\"async\" class=\"alignnone size-full wp-image-1710\" src=\"https:\/\/www.rippa.com\/wp-content\/uploads\/2024\/09\/\u6b27\u4e94.jpg\" alt=\"\" width=\"56\" height=\"29\" srcset=\"https:\/\/www.rippa.com\/wp-content\/uploads\/2024\/09\/\u6b27\u4e94.jpg 56w, https:\/\/www.rippa.com\/wp-content\/uploads\/2024\/09\/\u6b27\u4e94-18x9.jpg 18w\" sizes=\"auto, (max-width: 56px) 100vw, 56px\" \/><\/p>\n<p>The advantages of RL10 loader in performance, efficiency, design, maintenance, load capacity and attachment selection help attract the attention of potential customers in export trade.<\/p>\n<p><strong>N\u00e1bor glob\u00e1ln\u00edch agent\u016f:<\/strong><br \/>\nODM, OEM, velkoobchod<br \/>\nDiscounted prices for orders.<br \/>\nV\u00fdrobci maj\u00ed skladov\u00e9 z\u00e1soby a rychl\u00e9 dod\u00e1n\u00ed.<br \/>\nPracovn\u00edci z\u00e1kaznick\u00e9ho servisu jsou 24 hodin denn\u011b online a poskytuj\u00ed slu\u017eby.<br \/>\nVypl\u0148te informace, z\u00edskejte nab\u00eddku a sta\u0148te se na\u0161\u00edm agentem!<\/p>","protected":false},"featured_media":11458,"parent":0,"template":"","meta":{"_acf_changed":false,"_seopress_robots_primary_cat":"none","_seopress_titles_title":"","_seopress_titles_desc":"","_seopress_robots_index":""},"categoryproduct":[43],"class_list":["post-1563","product","type-product","status-publish","has-post-thumbnail","hentry","categoryproduct-wheel-loader"],"acf":[],"_links":{"self":[{"href":"https:\/\/www.rippa.com\/cs\/wp-json\/wp\/v2\/product\/1563","targetHints":{"allow":["GET"]}}],"collection":[{"href":"https:\/\/www.rippa.com\/cs\/wp-json\/wp\/v2\/product"}],"about":[{"href":"https:\/\/www.rippa.com\/cs\/wp-json\/wp\/v2\/types\/product"}],"wp:featuredmedia":[{"embeddable":true,"href":"https:\/\/www.rippa.com\/cs\/wp-json\/wp\/v2\/media\/11458"}],"wp:attachment":[{"href":"https:\/\/www.rippa.com\/cs\/wp-json\/wp\/v2\/media?parent=1563"}],"wp:term":[{"taxonomy":"categoryproduct","embeddable":true,"href":"https:\/\/www.rippa.com\/cs\/wp-json\/wp\/v2\/categoryproduct?post=1563"}],"curies":[{"name":"wp","href":"https:\/\/api.w.org\/{rel}","templated":true}]}}