{"id":1499,"date":"2024-09-15T16:24:15","date_gmt":"2024-09-15T08:24:15","guid":{"rendered":"https:\/\/www.rippa.com\/?post_type=product&#038;p=1499"},"modified":"2026-03-18T11:00:20","modified_gmt":"2026-03-18T03:00:20","slug":"backhoe-loader-rb30","status":"publish","type":"product","link":"https:\/\/www.rippa.com\/cs\/product\/rypadlonakladac-rb30\/","title":{"rendered":"Rypadlonaklada\u010d RB30"},"content":{"rendered":"<p><img loading=\"lazy\" decoding=\"async\" class=\"alignnone size-full wp-image-1709\" src=\"https:\/\/www.rippa.com\/wp-content\/uploads\/2024\/09\/EPA-4.jpg\" alt=\"\" width=\"56\" height=\"29\" srcset=\"https:\/\/www.rippa.com\/wp-content\/uploads\/2024\/09\/EPA-4.jpg 56w, https:\/\/www.rippa.com\/wp-content\/uploads\/2024\/09\/EPA-4-18x9.jpg 18w\" sizes=\"auto, (max-width: 56px) 100vw, 56px\" \/> \u00a0<img loading=\"lazy\" decoding=\"async\" class=\"alignnone size-full wp-image-1710\" src=\"https:\/\/www.rippa.com\/wp-content\/uploads\/2024\/09\/\u6b27\u4e94.jpg\" alt=\"\" width=\"56\" height=\"29\" srcset=\"https:\/\/www.rippa.com\/wp-content\/uploads\/2024\/09\/\u6b27\u4e94.jpg 56w, https:\/\/www.rippa.com\/wp-content\/uploads\/2024\/09\/\u6b27\u4e94-18x9.jpg 18w\" sizes=\"auto, (max-width: 56px) 100vw, 56px\" \/><\/p>\n<p>R\u00fdpadlo-naklada\u010d RB30 se stalo preferovan\u00fdm produktem pro exportn\u00ed obchod d\u00edky sv\u00e9mu siln\u00e9mu provozn\u00edmu v\u00fdkonu, vynikaj\u00edc\u00ed stabilit\u011b p\u0159i manipulaci, pohodln\u00e9mu ovl\u00e1d\u00e1n\u00ed, odoln\u00e9 a spolehliv\u00e9 konstrukci a \u0161irok\u00e9 \u0161k\u00e1le aplikac\u00ed, kter\u00e9 mohou uspokojit rozmanit\u00e9 pot\u0159eby r\u016fzn\u00fdch z\u00e1kazn\u00edk\u016f na mezin\u00e1rodn\u00edm trhu.<\/p>\n<p><strong>S pozdravem p\u0159ij\u00edm\u00e1me glob\u00e1ln\u00ed agenty:<\/strong><br \/>\nODM, OEM, p\u0159izp\u016fsobiteln\u00e9<br \/>\nPro velkoobchodn\u00ed objedn\u00e1vky jsou k dispozici slevy,<br \/>\nV\u00fdrobci maj\u00ed skladov\u00e9 z\u00e1soby a dod\u00e1vaj\u00ed rychle,<br \/>\nZ\u00e1kaznick\u00fd servis je k dispozici 24 hodin online,<br \/>\nVypl\u0148te informace, z\u00edskejte nab\u00eddku a sta\u0148te se na\u0161\u00edm agentem!<\/p>","protected":false},"featured_media":12306,"parent":0,"template":"","meta":{"_acf_changed":false,"_seopress_robots_primary_cat":"none","_seopress_titles_title":"","_seopress_titles_desc":"","_seopress_robots_index":""},"categoryproduct":[36],"class_list":["post-1499","product","type-product","status-publish","has-post-thumbnail","hentry","categoryproduct-loader"],"acf":[],"_links":{"self":[{"href":"https:\/\/www.rippa.com\/cs\/wp-json\/wp\/v2\/product\/1499","targetHints":{"allow":["GET"]}}],"collection":[{"href":"https:\/\/www.rippa.com\/cs\/wp-json\/wp\/v2\/product"}],"about":[{"href":"https:\/\/www.rippa.com\/cs\/wp-json\/wp\/v2\/types\/product"}],"wp:featuredmedia":[{"embeddable":true,"href":"https:\/\/www.rippa.com\/cs\/wp-json\/wp\/v2\/media\/12306"}],"wp:attachment":[{"href":"https:\/\/www.rippa.com\/cs\/wp-json\/wp\/v2\/media?parent=1499"}],"wp:term":[{"taxonomy":"categoryproduct","embeddable":true,"href":"https:\/\/www.rippa.com\/cs\/wp-json\/wp\/v2\/categoryproduct?post=1499"}],"curies":[{"name":"wp","href":"https:\/\/api.w.org\/{rel}","templated":true}]}}