{"id":1480,"date":"2024-12-14T15:52:42","date_gmt":"2024-12-14T07:52:42","guid":{"rendered":"https:\/\/www.rippa.com\/?post_type=product&#038;p=1480"},"modified":"2026-05-09T14:54:55","modified_gmt":"2026-05-09T06:54:55","slug":"rs06-skid-steer","status":"publish","type":"product","link":"https:\/\/www.rippa.com\/cs\/product\/rs06-skid-steer\/","title":{"rendered":"Smykem \u0159\u00edzen\u00fd naklada\u010d RS06"},"content":{"rendered":"<p><img loading=\"lazy\" decoding=\"async\" class=\"alignnone size-full wp-image-1709\" src=\"https:\/\/www.rippa.com\/wp-content\/uploads\/2024\/09\/EPA-4.jpg\" alt=\"\" width=\"56\" height=\"29\" srcset=\"https:\/\/www.rippa.com\/wp-content\/uploads\/2024\/09\/EPA-4.jpg 56w, https:\/\/www.rippa.com\/wp-content\/uploads\/2024\/09\/EPA-4-18x9.jpg 18w\" sizes=\"auto, (max-width: 56px) 100vw, 56px\" \/> \u00a0<img loading=\"lazy\" decoding=\"async\" class=\"alignnone size-full wp-image-1710\" src=\"https:\/\/www.rippa.com\/wp-content\/uploads\/2024\/09\/\u6b27\u4e94.jpg\" alt=\"\" width=\"56\" height=\"29\" srcset=\"https:\/\/www.rippa.com\/wp-content\/uploads\/2024\/09\/\u6b27\u4e94.jpg 56w, https:\/\/www.rippa.com\/wp-content\/uploads\/2024\/09\/\u6b27\u4e94-18x9.jpg 18w\" sizes=\"auto, (max-width: 56px) 100vw, 56px\" \/><\/p>\n<p>Smykov\u00fd naklada\u010d RS06 vyu\u017e\u00edv\u00e1 inteligentn\u00ed syst\u00e9m \u0159\u00edzen\u00ed rychlosti a pilotn\u00ed ovl\u00e1dac\u00ed rukoje\u0165 zvy\u0161uje p\u0159esnost a \u00fa\u010dinnost; podporuje multifunk\u010dn\u00ed rychlou v\u00fdm\u011bnu z\u00e1str\u010dek, p\u0159izp\u016fsobuje se r\u016fzn\u00fdm pracovn\u00edm podm\u00ednk\u00e1m; kompaktn\u00ed a flexibiln\u00ed konstrukce, odoln\u00e1 a spolehliv\u00e1, vhodn\u00e1 pro provoz na mal\u00e9m prostoru a \u00fadr\u017ebu na mezin\u00e1rodn\u00edm trhu.<\/p>\n<p><strong>N\u00e1bor glob\u00e1ln\u00edch agent\u016f:<\/strong><br \/>\nObjedn\u00e1vky mohou vyu\u017e\u00edt slevov\u00e9 ceny.<br \/>\nV\u00fdrobce m\u00e1 skladov\u00e9 z\u00e1soby a rychl\u00e9 dod\u00e1n\u00ed.<br \/>\nPracovn\u00edci z\u00e1kaznick\u00e9ho servisu poskytuj\u00ed slu\u017eby online 24 hodin denn\u011b.<br \/>\nVypl\u0148te informace, z\u00edskejte nab\u00eddku a sta\u0148te se na\u0161\u00edm agentem!<\/p>","protected":false},"featured_media":12300,"parent":0,"template":"","meta":{"_acf_changed":false,"_seopress_robots_primary_cat":"none","_seopress_titles_title":"","_seopress_titles_desc":"","_seopress_robots_index":""},"categoryproduct":[44],"class_list":["post-1480","product","type-product","status-publish","has-post-thumbnail","hentry","categoryproduct-skid-steer"],"acf":[],"_links":{"self":[{"href":"https:\/\/www.rippa.com\/cs\/wp-json\/wp\/v2\/product\/1480","targetHints":{"allow":["GET"]}}],"collection":[{"href":"https:\/\/www.rippa.com\/cs\/wp-json\/wp\/v2\/product"}],"about":[{"href":"https:\/\/www.rippa.com\/cs\/wp-json\/wp\/v2\/types\/product"}],"wp:featuredmedia":[{"embeddable":true,"href":"https:\/\/www.rippa.com\/cs\/wp-json\/wp\/v2\/media\/12300"}],"wp:attachment":[{"href":"https:\/\/www.rippa.com\/cs\/wp-json\/wp\/v2\/media?parent=1480"}],"wp:term":[{"taxonomy":"categoryproduct","embeddable":true,"href":"https:\/\/www.rippa.com\/cs\/wp-json\/wp\/v2\/categoryproduct?post=1480"}],"curies":[{"name":"wp","href":"https:\/\/api.w.org\/{rel}","templated":true}]}}