{"id":1443,"date":"2024-09-16T16:10:55","date_gmt":"2024-09-16T08:10:55","guid":{"rendered":"https:\/\/www.rippa.com\/?post_type=product&#038;p=1443"},"modified":"2026-03-14T16:25:02","modified_gmt":"2026-03-14T08:25:02","slug":"backhoe-loader-rb18","status":"publish","type":"product","link":"https:\/\/www.rippa.com\/cs\/product\/backhoe-loader-rb18\/","title":{"rendered":"Backhoe Loader RB18"},"content":{"rendered":"<p>RB18 backhoe loader has strong performance, hydraulic system, high-quality and efficient hardware, humanized design, wide applicability, safety and reliability, and is an ideal choice for export trade.<\/p>\n<p><strong>We are looking for global agents:<\/strong><br \/>\nODM, OEM, velkoobchod<br \/>\nOrders can enjoy discounts.<br \/>\nThe manufacturer has stock and delivers quickly.<br \/>\nPracovn\u00edci z\u00e1kaznick\u00e9ho servisu jsou 24 hodin denn\u011b online a poskytuj\u00ed slu\u017eby.<br \/>\nVypl\u0148te informace, z\u00edskejte nab\u00eddku a sta\u0148te se na\u0161\u00edm agentem!<\/p>","protected":false},"featured_media":12148,"parent":0,"template":"","meta":{"_acf_changed":false,"_seopress_robots_primary_cat":"none","_seopress_titles_title":"","_seopress_titles_desc":"","_seopress_robots_index":""},"categoryproduct":[36],"class_list":["post-1443","product","type-product","status-publish","has-post-thumbnail","hentry","categoryproduct-loader"],"acf":[],"_links":{"self":[{"href":"https:\/\/www.rippa.com\/cs\/wp-json\/wp\/v2\/product\/1443","targetHints":{"allow":["GET"]}}],"collection":[{"href":"https:\/\/www.rippa.com\/cs\/wp-json\/wp\/v2\/product"}],"about":[{"href":"https:\/\/www.rippa.com\/cs\/wp-json\/wp\/v2\/types\/product"}],"wp:featuredmedia":[{"embeddable":true,"href":"https:\/\/www.rippa.com\/cs\/wp-json\/wp\/v2\/media\/12148"}],"wp:attachment":[{"href":"https:\/\/www.rippa.com\/cs\/wp-json\/wp\/v2\/media?parent=1443"}],"wp:term":[{"taxonomy":"categoryproduct","embeddable":true,"href":"https:\/\/www.rippa.com\/cs\/wp-json\/wp\/v2\/categoryproduct?post=1443"}],"curies":[{"name":"wp","href":"https:\/\/api.w.org\/{rel}","templated":true}]}}