{"id":1434,"date":"2024-09-16T15:33:53","date_gmt":"2024-09-16T07:33:53","guid":{"rendered":"https:\/\/www.rippa.com\/?post_type=product&#038;p=1434"},"modified":"2024-11-14T10:07:19","modified_gmt":"2024-11-14T02:07:19","slug":"r530b-dual-fuel-forklift","status":"publish","type":"product","link":"https:\/\/www.rippa.com\/cs\/product\/r530b-dual-fuel-forklift\/","title":{"rendered":"Dvoupalivov\u00fd vysokozdvi\u017en\u00fd voz\u00edk R530B"},"content":{"rendered":"<p><img loading=\"lazy\" decoding=\"async\" class=\"alignnone size-full wp-image-1709\" src=\"https:\/\/www.rippa.com\/wp-content\/uploads\/2024\/09\/EPA-4.jpg\" alt=\"\" width=\"56\" height=\"29\" srcset=\"https:\/\/www.rippa.com\/wp-content\/uploads\/2024\/09\/EPA-4.jpg 56w, https:\/\/www.rippa.com\/wp-content\/uploads\/2024\/09\/EPA-4-18x9.jpg 18w\" sizes=\"auto, (max-width: 56px) 100vw, 56px\" \/><\/p>\n<p>The R530B propane forklift has become a popular forklift product in the market with its high performance, high precision, reliable power system, comfortable operating experience, versatility and safety, rugged and durable design and high-quality after-sales service. It is very suitable for export trade.<\/p>\n<p><strong><span style=\"font-size: 14pt;\">N\u00e1bor agent\u016f po cel\u00e9m sv\u011bt\u011b:<\/span><\/strong><br \/>\nODM, OEM, p\u0159izp\u016fsobiteln\u00e9<br \/>\nPro velkoobchodn\u00ed objedn\u00e1vky jsou k dispozici zv\u00fdhodn\u011bn\u00e9 ceny.<br \/>\nV\u00fdrobci maj\u00ed skladov\u00e9 z\u00e1soby a zaji\u0161\u0165uj\u00ed rychl\u00e9 dod\u00e1n\u00ed.<br \/>\nPracovn\u00edci z\u00e1kaznick\u00e9 podpory jsou 24 hodin denn\u011b online a poskytuj\u00ed slu\u017eby.<br \/>\nVypl\u0148te informace, z\u00edskejte nab\u00eddku a sta\u0148te se na\u0161\u00edm agentem!<\/p>","protected":false},"featured_media":2601,"parent":0,"template":"","meta":{"_acf_changed":false,"_seopress_robots_primary_cat":"none","_seopress_titles_title":"","_seopress_titles_desc":"","_seopress_robots_index":""},"categoryproduct":[41],"class_list":["post-1434","product","type-product","status-publish","has-post-thumbnail","hentry","categoryproduct-rippa-forklift"],"acf":[],"_links":{"self":[{"href":"https:\/\/www.rippa.com\/cs\/wp-json\/wp\/v2\/product\/1434","targetHints":{"allow":["GET"]}}],"collection":[{"href":"https:\/\/www.rippa.com\/cs\/wp-json\/wp\/v2\/product"}],"about":[{"href":"https:\/\/www.rippa.com\/cs\/wp-json\/wp\/v2\/types\/product"}],"wp:featuredmedia":[{"embeddable":true,"href":"https:\/\/www.rippa.com\/cs\/wp-json\/wp\/v2\/media\/2601"}],"wp:attachment":[{"href":"https:\/\/www.rippa.com\/cs\/wp-json\/wp\/v2\/media?parent=1434"}],"wp:term":[{"taxonomy":"categoryproduct","embeddable":true,"href":"https:\/\/www.rippa.com\/cs\/wp-json\/wp\/v2\/categoryproduct?post=1434"}],"curies":[{"name":"wp","href":"https:\/\/api.w.org\/{rel}","templated":true}]}}