{"id":1425,"date":"2024-09-16T15:31:56","date_gmt":"2024-09-16T07:31:56","guid":{"rendered":"https:\/\/www.rippa.com\/?post_type=product&#038;p=1425"},"modified":"2024-11-14T10:09:39","modified_gmt":"2024-11-14T02:09:39","slug":"r550-rough-terrain-forklift","status":"publish","type":"product","link":"https:\/\/www.rippa.com\/cs\/product\/r550-rough-terrain-forklift\/","title":{"rendered":"Ter\u00e9nn\u00ed vysokozdvi\u017en\u00fd voz\u00edk R550"},"content":{"rendered":"<p>The R550 off-road forklift is known for its excellent off-road performance. It can easily cope with muddy, rugged and other complex terrains, ensuring unlimited operations. Its powerful power system and stable body design have strong load-bearing capacity and high operating efficiency. At the same time, the off-road forklift has flexible operability and precise control performance to meet different operating needs. Durable, reliable, easy to maintain, and reduced in use costs, the R550 off-road forklift is an ideal choice to improve operating efficiency, expand operating scope, and ensure operating safety.<\/p>\n<p><strong>N\u00e1bor agent\u016f po cel\u00e9m sv\u011bt\u011b:<\/strong><br \/>\nODM, OEM, p\u0159izp\u016fsobiteln\u00e9<br \/>\nPro velkoobchodn\u00ed objedn\u00e1vky jsou k dispozici zv\u00fdhodn\u011bn\u00e9 ceny.<br \/>\nV\u00fdrobci maj\u00ed skladov\u00e9 z\u00e1soby a zaji\u0161\u0165uj\u00ed rychl\u00e9 dod\u00e1n\u00ed.<br \/>\nPracovn\u00edci z\u00e1kaznick\u00e9 podpory jsou 24 hodin denn\u011b online a poskytuj\u00ed slu\u017eby.<br \/>\nVypl\u0148te informace, z\u00edskejte nab\u00eddku a sta\u0148te se na\u0161\u00edm agentem!<\/p>","protected":false},"featured_media":2631,"parent":0,"template":"","meta":{"_acf_changed":false,"_seopress_robots_primary_cat":"none","_seopress_titles_title":"","_seopress_titles_desc":"","_seopress_robots_index":""},"categoryproduct":[41],"class_list":["post-1425","product","type-product","status-publish","has-post-thumbnail","hentry","categoryproduct-rippa-forklift"],"acf":[],"_links":{"self":[{"href":"https:\/\/www.rippa.com\/cs\/wp-json\/wp\/v2\/product\/1425","targetHints":{"allow":["GET"]}}],"collection":[{"href":"https:\/\/www.rippa.com\/cs\/wp-json\/wp\/v2\/product"}],"about":[{"href":"https:\/\/www.rippa.com\/cs\/wp-json\/wp\/v2\/types\/product"}],"wp:featuredmedia":[{"embeddable":true,"href":"https:\/\/www.rippa.com\/cs\/wp-json\/wp\/v2\/media\/2631"}],"wp:attachment":[{"href":"https:\/\/www.rippa.com\/cs\/wp-json\/wp\/v2\/media?parent=1425"}],"wp:term":[{"taxonomy":"categoryproduct","embeddable":true,"href":"https:\/\/www.rippa.com\/cs\/wp-json\/wp\/v2\/categoryproduct?post=1425"}],"curies":[{"name":"wp","href":"https:\/\/api.w.org\/{rel}","templated":true}]}}